{"id":9357,"date":"2021-11-17T10:33:40","date_gmt":"2021-11-17T10:33:40","guid":{"rendered":"https:\/\/vanngaplastic.com\/?post_type=product&#038;p=9357"},"modified":"2024-01-29T03:24:34","modified_gmt":"2024-01-29T03:24:34","slug":"pharmaceuticals-vn03","status":"publish","type":"product","link":"https:\/\/vanngaplastic.com\/vn\/product\/pharmaceuticals-vn03\/","title":{"rendered":"D\u01b0\u1ee3c ph\u1ea9m-VN03"},"content":{"rendered":"<p>C\u00f4ng ty V\u00e2n Nga mang \u0111\u1ebfn nhi\u1ec1u m\u1eabu tu\u00fdp d\u00e0nh cho d\u01b0\u1ee3c ph\u1ea9m nh\u01b0 gel l\u00e0m m\u00e1t th\u1ea3o d\u01b0\u1ee3c, gel b\u00f4i l\u00e0m d\u1ecbu, kem tr\u1ecb ph\u1ecfng, thu\u1ed1c m\u1ee1, ... C\u00e1c s\u1ea3n ph\u1ea9m thu\u1ed1c th\u01b0\u1eddng s\u1eed d\u1ee5ng tu\u00fdp nh\u1ef1a m\u1ec1m. K\u00edch th\u01b0\u1edbc tu\u00fdp c\u1ee7a ch\u00fang t\u00f4i c\u00f3 \u0111\u01b0\u1eddng k\u00ednh dao \u0111\u1ed9ng t\u1eeb 19mm - 35mm v\u00e0 m\u1ed7i tu\u00fdp c\u00f3 th\u1ec3 \u0111\u01b0\u1ee3c s\u1ea3n xu\u1ea5t v\u1edbi c\u1ea5u tr\u00fac t\u1eeb 1-5 l\u1edbp nh\u1ef1a. \u0110\u1ec3 \u0111\u01b0\u1ee3c gi\u1ea3i \u0111\u00e1p nh\u1eefng c\u00e2u h\u1ecfi v\u00e0 y\u00eau c\u1ea7u, vui l\u00f2ng li\u00ean h\u1ec7 v\u1edbi ch\u00fang t\u00f4i.<\/p>","protected":false},"excerpt":{"rendered":"<p><strong>\u0110\u01b0\u1eddng k\u00ednh:<\/strong>\u00a030mm<\/p>\n<p><strong>K\u00edch th\u01b0\u1edbc \u1ed1ng (mm):\u00a0<\/strong>\u00a030*100 \u2013 30*110<\/p>\n<p><strong>\u0110\u1ed9 d\u00e0y \u1ed1ng (\u03bcm):<\/strong> 420 +\/ -30<\/p>\n<p><strong>C\u00f4ng su\u1ea5t \u00e2m l\u01b0\u1ee3ng:<\/strong>\u00a030ml \u2013 40ml<\/p>\n<p><strong>V\u1eadt ch\u1ea5t:<\/strong>\u00a0PE<\/p>\n<p><strong>C\u00e1c l\u1edbp:<\/strong>\u00a01 \u2013 5<\/p>\n<p><strong>\u0110\u01b0\u1eddng k\u00ednh n\u1eafp:<\/strong>\u00a028.40mm<\/p>\n<p><strong>Gi\u1edbi h\u1ea1n:<\/strong>\u00a0V\u1eb7n tr\u00ean n\u1eafp, v\u1eb7n tr\u00ean n\u1eafp l\u1eadt, ch\u1ee5p tr\u00ean n\u1eafp<\/p>\n<p><strong>MOQ:<\/strong>\u00a010000<\/p>","protected":false},"featured_media":11504,"template":"","meta":[],"product_brand":[],"product_cat":[1418],"product_tag":[],"cap-style":[],"pe-tube":[1417],"class_list":{"0":"post-9357","1":"product","2":"type-product","3":"status-publish","4":"has-post-thumbnail","6":"product_cat-pe-tube","7":"pe-tube-30-mm","9":"first","10":"instock","11":"shipping-taxable","12":"product-type-simple"},"yoast_head":"<!-- This site is optimized with the Yoast SEO plugin v27.3 - https:\/\/yoast.com\/product\/yoast-seo-wordpress\/ -->\n<title>Pharmaceuticals-VN03 - Van Nga Packaging<\/title>\n<meta name=\"robots\" content=\"index, follow, max-snippet:-1, max-image-preview:large, max-video-preview:-1\" \/>\n<link rel=\"canonical\" href=\"https:\/\/vanngaplastic.com\/vn\/product\/pharmaceuticals-vn03\/\" \/>\n<meta property=\"og:locale\" content=\"vi_VN\" \/>\n<meta property=\"og:type\" content=\"article\" \/>\n<meta property=\"og:title\" content=\"Pharmaceuticals-VN03 - Van Nga Packaging\" \/>\n<meta property=\"og:description\" content=\"Diameter:\u00a030mm  Tube dimension (mm):\u00a0\u00a030*100 \u2013 30*110  Tube Thickness (\u03bcm): 420 +\/ -30  Volume capacity:\u00a030ml \u2013 40ml  Material:\u00a0PE  Layers:\u00a01 \u2013 5  Cap diameter:\u00a028.40mm  Capping:\u00a0Screw on cap, screw on flip top cap, snap on cap  MOQ:\u00a010000\" \/>\n<meta property=\"og:url\" content=\"https:\/\/vanngaplastic.com\/vn\/product\/pharmaceuticals-vn03\/\" \/>\n<meta property=\"og:site_name\" content=\"Van Nga Packaging\" \/>\n<meta property=\"article:publisher\" content=\"https:\/\/www.facebook.com\/Cong-Ty-Van-Nga-108380597442907\/?modal=admin_todo_tour\" \/>\n<meta property=\"article:modified_time\" content=\"2024-01-29T03:24:34+00:00\" \/>\n<meta property=\"og:image\" content=\"https:\/\/i0.wp.com\/vanngaplastic.com\/wp-content\/uploads\/2022\/10\/PNG-image-D38DAEEA9C45-1-e1666082235133.png?fit=1500%2C1500&ssl=1\" \/>\n\t<meta property=\"og:image:width\" content=\"1500\" \/>\n\t<meta property=\"og:image:height\" content=\"1500\" \/>\n\t<meta property=\"og:image:type\" content=\"image\/png\" \/>\n<meta name=\"twitter:card\" content=\"summary_large_image\" \/>\n<script type=\"application\/ld+json\" class=\"yoast-schema-graph\">{\"@context\":\"https:\\\/\\\/schema.org\",\"@graph\":[{\"@type\":\"WebPage\",\"@id\":\"https:\\\/\\\/vanngaplastic.com\\\/product\\\/pharmaceuticals-vn03\\\/\",\"url\":\"https:\\\/\\\/vanngaplastic.com\\\/product\\\/pharmaceuticals-vn03\\\/\",\"name\":\"Pharmaceuticals-VN03 - Van Nga Packaging\",\"isPartOf\":{\"@id\":\"https:\\\/\\\/vanngaplastic.com\\\/#website\"},\"primaryImageOfPage\":{\"@id\":\"https:\\\/\\\/vanngaplastic.com\\\/product\\\/pharmaceuticals-vn03\\\/#primaryimage\"},\"image\":{\"@id\":\"https:\\\/\\\/vanngaplastic.com\\\/product\\\/pharmaceuticals-vn03\\\/#primaryimage\"},\"thumbnailUrl\":\"https:\\\/\\\/i0.wp.com\\\/vanngaplastic.com\\\/wp-content\\\/uploads\\\/2022\\\/10\\\/PNG-image-D38DAEEA9C45-1-e1666082235133.png?fit=1500%2C1500&ssl=1\",\"datePublished\":\"2021-11-17T10:33:40+00:00\",\"dateModified\":\"2024-01-29T03:24:34+00:00\",\"breadcrumb\":{\"@id\":\"https:\\\/\\\/vanngaplastic.com\\\/product\\\/pharmaceuticals-vn03\\\/#breadcrumb\"},\"inLanguage\":\"vi\",\"potentialAction\":[{\"@type\":\"ReadAction\",\"target\":[\"https:\\\/\\\/vanngaplastic.com\\\/product\\\/pharmaceuticals-vn03\\\/\"]}]},{\"@type\":\"ImageObject\",\"inLanguage\":\"vi\",\"@id\":\"https:\\\/\\\/vanngaplastic.com\\\/product\\\/pharmaceuticals-vn03\\\/#primaryimage\",\"url\":\"https:\\\/\\\/i0.wp.com\\\/vanngaplastic.com\\\/wp-content\\\/uploads\\\/2022\\\/10\\\/PNG-image-D38DAEEA9C45-1-e1666082235133.png?fit=1500%2C1500&ssl=1\",\"contentUrl\":\"https:\\\/\\\/i0.wp.com\\\/vanngaplastic.com\\\/wp-content\\\/uploads\\\/2022\\\/10\\\/PNG-image-D38DAEEA9C45-1-e1666082235133.png?fit=1500%2C1500&ssl=1\",\"width\":1500,\"height\":1500},{\"@type\":\"BreadcrumbList\",\"@id\":\"https:\\\/\\\/vanngaplastic.com\\\/product\\\/pharmaceuticals-vn03\\\/#breadcrumb\",\"itemListElement\":[{\"@type\":\"ListItem\",\"position\":1,\"name\":\"Home\",\"item\":\"https:\\\/\\\/vanngaplastic.com\\\/\"},{\"@type\":\"ListItem\",\"position\":2,\"name\":\"Products\",\"item\":\"https:\\\/\\\/vanngaplastic.com\\\/shop\\\/\"},{\"@type\":\"ListItem\",\"position\":3,\"name\":\"Pharmaceuticals-VN03\"}]},{\"@type\":\"WebSite\",\"@id\":\"https:\\\/\\\/vanngaplastic.com\\\/#website\",\"url\":\"https:\\\/\\\/vanngaplastic.com\\\/\",\"name\":\"Van Nga Packaging\",\"description\":\"\",\"publisher\":{\"@id\":\"https:\\\/\\\/vanngaplastic.com\\\/#organization\"},\"potentialAction\":[{\"@type\":\"SearchAction\",\"target\":{\"@type\":\"EntryPoint\",\"urlTemplate\":\"https:\\\/\\\/vanngaplastic.com\\\/?s={search_term_string}\"},\"query-input\":{\"@type\":\"PropertyValueSpecification\",\"valueRequired\":true,\"valueName\":\"search_term_string\"}}],\"inLanguage\":\"vi\"},{\"@type\":\"Organization\",\"@id\":\"https:\\\/\\\/vanngaplastic.com\\\/#organization\",\"name\":\"Cong Ty Van Nga\",\"url\":\"https:\\\/\\\/vanngaplastic.com\\\/\",\"logo\":{\"@type\":\"ImageObject\",\"inLanguage\":\"vi\",\"@id\":\"https:\\\/\\\/vanngaplastic.com\\\/#\\\/schema\\\/logo\\\/image\\\/\",\"url\":\"\",\"contentUrl\":\"\",\"caption\":\"Cong Ty Van Nga\"},\"image\":{\"@id\":\"https:\\\/\\\/vanngaplastic.com\\\/#\\\/schema\\\/logo\\\/image\\\/\"},\"sameAs\":[\"https:\\\/\\\/www.facebook.com\\\/Cong-Ty-Van-Nga-108380597442907\\\/?modal=admin_todo_tour\"]}]}<\/script>\n<!-- \/ Yoast SEO plugin. -->","yoast_head_json":{"title":"Pharmaceuticals-VN03 - Van Nga Packaging","robots":{"index":"index","follow":"follow","max-snippet":"max-snippet:-1","max-image-preview":"max-image-preview:large","max-video-preview":"max-video-preview:-1"},"canonical":"https:\/\/vanngaplastic.com\/vn\/product\/pharmaceuticals-vn03\/","og_locale":"vi_VN","og_type":"article","og_title":"Pharmaceuticals-VN03 - Van Nga Packaging","og_description":"Diameter:\u00a030mm  Tube dimension (mm):\u00a0\u00a030*100 \u2013 30*110  Tube Thickness (\u03bcm): 420 +\/ -30  Volume capacity:\u00a030ml \u2013 40ml  Material:\u00a0PE  Layers:\u00a01 \u2013 5  Cap diameter:\u00a028.40mm  Capping:\u00a0Screw on cap, screw on flip top cap, snap on cap  MOQ:\u00a010000","og_url":"https:\/\/vanngaplastic.com\/vn\/product\/pharmaceuticals-vn03\/","og_site_name":"Van Nga Packaging","article_publisher":"https:\/\/www.facebook.com\/Cong-Ty-Van-Nga-108380597442907\/?modal=admin_todo_tour","article_modified_time":"2024-01-29T03:24:34+00:00","og_image":[{"width":1500,"height":1500,"url":"https:\/\/i0.wp.com\/vanngaplastic.com\/wp-content\/uploads\/2022\/10\/PNG-image-D38DAEEA9C45-1-e1666082235133.png?fit=1500%2C1500&ssl=1","type":"image\/png"}],"twitter_card":"summary_large_image","schema":{"@context":"https:\/\/schema.org","@graph":[{"@type":"WebPage","@id":"https:\/\/vanngaplastic.com\/product\/pharmaceuticals-vn03\/","url":"https:\/\/vanngaplastic.com\/product\/pharmaceuticals-vn03\/","name":"Pharmaceuticals-VN03 - Van Nga Packaging","isPartOf":{"@id":"https:\/\/vanngaplastic.com\/#website"},"primaryImageOfPage":{"@id":"https:\/\/vanngaplastic.com\/product\/pharmaceuticals-vn03\/#primaryimage"},"image":{"@id":"https:\/\/vanngaplastic.com\/product\/pharmaceuticals-vn03\/#primaryimage"},"thumbnailUrl":"https:\/\/i0.wp.com\/vanngaplastic.com\/wp-content\/uploads\/2022\/10\/PNG-image-D38DAEEA9C45-1-e1666082235133.png?fit=1500%2C1500&ssl=1","datePublished":"2021-11-17T10:33:40+00:00","dateModified":"2024-01-29T03:24:34+00:00","breadcrumb":{"@id":"https:\/\/vanngaplastic.com\/product\/pharmaceuticals-vn03\/#breadcrumb"},"inLanguage":"vi","potentialAction":[{"@type":"ReadAction","target":["https:\/\/vanngaplastic.com\/product\/pharmaceuticals-vn03\/"]}]},{"@type":"ImageObject","inLanguage":"vi","@id":"https:\/\/vanngaplastic.com\/product\/pharmaceuticals-vn03\/#primaryimage","url":"https:\/\/i0.wp.com\/vanngaplastic.com\/wp-content\/uploads\/2022\/10\/PNG-image-D38DAEEA9C45-1-e1666082235133.png?fit=1500%2C1500&ssl=1","contentUrl":"https:\/\/i0.wp.com\/vanngaplastic.com\/wp-content\/uploads\/2022\/10\/PNG-image-D38DAEEA9C45-1-e1666082235133.png?fit=1500%2C1500&ssl=1","width":1500,"height":1500},{"@type":"BreadcrumbList","@id":"https:\/\/vanngaplastic.com\/product\/pharmaceuticals-vn03\/#breadcrumb","itemListElement":[{"@type":"ListItem","position":1,"name":"Home","item":"https:\/\/vanngaplastic.com\/"},{"@type":"ListItem","position":2,"name":"Products","item":"https:\/\/vanngaplastic.com\/shop\/"},{"@type":"ListItem","position":3,"name":"Pharmaceuticals-VN03"}]},{"@type":"WebSite","@id":"https:\/\/vanngaplastic.com\/#website","url":"https:\/\/vanngaplastic.com\/","name":"Van Nga Packaging","description":"","publisher":{"@id":"https:\/\/vanngaplastic.com\/#organization"},"potentialAction":[{"@type":"SearchAction","target":{"@type":"EntryPoint","urlTemplate":"https:\/\/vanngaplastic.com\/?s={search_term_string}"},"query-input":{"@type":"PropertyValueSpecification","valueRequired":true,"valueName":"search_term_string"}}],"inLanguage":"vi"},{"@type":"Organization","@id":"https:\/\/vanngaplastic.com\/#organization","name":"Cong Ty Van Nga","url":"https:\/\/vanngaplastic.com\/","logo":{"@type":"ImageObject","inLanguage":"vi","@id":"https:\/\/vanngaplastic.com\/#\/schema\/logo\/image\/","url":"","contentUrl":"","caption":"Cong Ty Van Nga"},"image":{"@id":"https:\/\/vanngaplastic.com\/#\/schema\/logo\/image\/"},"sameAs":["https:\/\/www.facebook.com\/Cong-Ty-Van-Nga-108380597442907\/?modal=admin_todo_tour"]}]}},"jetpack_likes_enabled":true,"jetpack_sharing_enabled":true,"amp_enabled":true,"_links":{"self":[{"href":"https:\/\/vanngaplastic.com\/vn\/wp-json\/wp\/v2\/product\/9357","targetHints":{"allow":["GET"]}}],"collection":[{"href":"https:\/\/vanngaplastic.com\/vn\/wp-json\/wp\/v2\/product"}],"about":[{"href":"https:\/\/vanngaplastic.com\/vn\/wp-json\/wp\/v2\/types\/product"}],"wp:featuredmedia":[{"embeddable":true,"href":"https:\/\/vanngaplastic.com\/vn\/wp-json\/wp\/v2\/media\/11504"}],"wp:attachment":[{"href":"https:\/\/vanngaplastic.com\/vn\/wp-json\/wp\/v2\/media?parent=9357"}],"wp:term":[{"taxonomy":"product_brand","embeddable":true,"href":"https:\/\/vanngaplastic.com\/vn\/wp-json\/wp\/v2\/product_brand?post=9357"},{"taxonomy":"product_cat","embeddable":true,"href":"https:\/\/vanngaplastic.com\/vn\/wp-json\/wp\/v2\/product_cat?post=9357"},{"taxonomy":"product_tag","embeddable":true,"href":"https:\/\/vanngaplastic.com\/vn\/wp-json\/wp\/v2\/product_tag?post=9357"},{"taxonomy":"cap-style","embeddable":true,"href":"https:\/\/vanngaplastic.com\/vn\/wp-json\/wp\/v2\/cap-style?post=9357"},{"taxonomy":"pe-tube","embeddable":true,"href":"https:\/\/vanngaplastic.com\/vn\/wp-json\/wp\/v2\/pe-tube?post=9357"}],"curies":[{"name":"wp","href":"https:\/\/api.w.org\/{rel}","templated":true}]}}