{"id":9177,"date":"2021-10-29T03:43:34","date_gmt":"2021-10-29T03:43:34","guid":{"rendered":"https:\/\/vanngaplastic.com\/?post_type=product&#038;p=9177"},"modified":"2024-01-29T03:28:37","modified_gmt":"2024-01-29T03:28:37","slug":"gear-oil-vn01","status":"publish","type":"product","link":"https:\/\/vanngaplastic.com\/vn\/product\/gear-oil-vn01\/","title":{"rendered":"D\u1ea7u b\u00e1nh r\u0103ng-VN01"},"content":{"rendered":"<p>C\u00f4ng ty V\u00e2n Nga cung c\u1ea5p nhi\u1ec1u m\u1eabu tu\u00fdp \u0111\u1ec3 \u0111\u1ef1ng d\u1ea7u nh\u1edbt b\u00f4i tr\u01a1n d\u00e0nh cho xe m\u00f4 t\u00f4 v\u00e0 xe m\u00e1y. Tu\u00fdp nh\u1ef1a m\u1ec1m th\u01b0\u1eddng \u0111\u01b0\u1ee3c s\u1eed d\u1ee5ng cho c\u00e1c s\u1ea3n ph\u1ea9m d\u1ea7u h\u1ed9p s\u1ed1. K\u00edch th\u01b0\u1edbc tu\u00fdp c\u1ee7a ch\u00fang t\u00f4i c\u00f3 \u0111\u01b0\u1eddng k\u00ednh dao \u0111\u1ed9ng t\u1eeb 35mm - 40mm v\u00e0 m\u1ed7i tu\u00fdp c\u00f3 th\u1ec3 \u0111\u01b0\u1ee3c s\u1ea3n xu\u1ea5t v\u1edbi c\u1ea5u tr\u00fac t\u1eeb 1 - 5 l\u1edbp. \u0110\u1ec3 \u0111\u01b0\u1ee3c gi\u1ea3i \u0111\u00e1p nh\u1eefng c\u00e2u h\u1ecfi v\u00e0 y\u00eau c\u1ea7u, vui l\u00f2ng li\u00ean h\u1ec7 v\u1edbi ch\u00fang t\u00f4i.<\/p>","protected":false},"excerpt":{"rendered":"<p><strong>\u0110\u01b0\u1eddng k\u00ednh:<\/strong>\u00a040mm<\/p>\n<p><strong>K\u00edch th\u01b0\u1edbc \u1ed1ng (mm):\u00a0<\/strong>\u00a040*120 \u2013 40*145<\/p>\n<p><strong>\u0110\u1ed9 d\u00e0y \u1ed1ng (\u03bcm):<\/strong> 480 +\/ -50<\/p>\n<p><strong>C\u00f4ng su\u1ea5t \u00e2m l\u01b0\u1ee3ng:<\/strong> 50ml \u2013 150ml<\/p>\n<p><strong>V\u1eadt ch\u1ea5t:<\/strong>\u00a0PE<\/p>\n<p><strong>C\u00e1c l\u1edbp:<\/strong>\u00a01 \u2013 5<\/p>\n<p><strong>\u0110\u01b0\u1eddng k\u00ednh n\u1eafp:<\/strong>\u00a037.40mm<\/p>\n<p><strong>Gi\u1edbi h\u1ea1n:<\/strong> \u0110\u1ea7u v\u00f2i phun<\/p>\n<p><strong>MOQ:<\/strong>\u00a010000<\/p>","protected":false},"featured_media":11482,"template":"","meta":[],"product_brand":[],"product_cat":[1418],"product_tag":[],"cap-style":[],"pe-tube":[],"class_list":{"0":"post-9177","1":"product","2":"type-product","3":"status-publish","4":"has-post-thumbnail","6":"product_cat-pe-tube","8":"first","9":"instock","10":"shipping-taxable","11":"product-type-simple"},"yoast_head":"<!-- This site is optimized with the Yoast SEO plugin v27.5 - https:\/\/yoast.com\/product\/yoast-seo-wordpress\/ -->\n<title>Gear Oil-VN01 - Van Nga Packaging<\/title>\n<meta name=\"robots\" content=\"index, follow, max-snippet:-1, max-image-preview:large, max-video-preview:-1\" \/>\n<link rel=\"canonical\" href=\"https:\/\/vanngaplastic.com\/vn\/product\/gear-oil-vn01\/\" \/>\n<meta property=\"og:locale\" content=\"vi_VN\" \/>\n<meta property=\"og:type\" content=\"article\" \/>\n<meta property=\"og:title\" content=\"Gear Oil-VN01 - Van Nga Packaging\" \/>\n<meta property=\"og:description\" content=\"Diameter:\u00a040mm  Tube dimension (mm):\u00a0\u00a040*120 \u2013 40*145  Tube Thickness (\u03bcm): 480 +\/ -50  Volume capacity: 50ml \u2013 150ml  Material:\u00a0PE  Layers:\u00a01 \u2013 5  Cap diameter:\u00a037.40mm  Capping: Nozzle Tip  MOQ:\u00a010000\" \/>\n<meta property=\"og:url\" content=\"https:\/\/vanngaplastic.com\/vn\/product\/gear-oil-vn01\/\" \/>\n<meta property=\"og:site_name\" content=\"Van Nga Packaging\" \/>\n<meta property=\"article:publisher\" content=\"https:\/\/www.facebook.com\/Cong-Ty-Van-Nga-108380597442907\/?modal=admin_todo_tour\" \/>\n<meta property=\"article:modified_time\" content=\"2024-01-29T03:28:37+00:00\" \/>\n<meta property=\"og:image\" content=\"https:\/\/i0.wp.com\/vanngaplastic.com\/wp-content\/uploads\/2022\/10\/IMG_4625-e1666080662254.png?fit=2000%2C2000&ssl=1\" \/>\n\t<meta property=\"og:image:width\" content=\"2000\" \/>\n\t<meta property=\"og:image:height\" content=\"2000\" \/>\n\t<meta property=\"og:image:type\" content=\"image\/png\" \/>\n<meta name=\"twitter:card\" content=\"summary_large_image\" \/>\n<meta name=\"twitter:label1\" content=\"\u01af\u1edbc t\u00ednh th\u1eddi gian \u0111\u1ecdc\" \/>\n\t<meta name=\"twitter:data1\" content=\"1 ph\u00fat\" \/>\n<script type=\"application\/ld+json\" class=\"yoast-schema-graph\">{\"@context\":\"https:\\\/\\\/schema.org\",\"@graph\":[{\"@type\":\"WebPage\",\"@id\":\"https:\\\/\\\/vanngaplastic.com\\\/product\\\/gear-oil-vn01\\\/\",\"url\":\"https:\\\/\\\/vanngaplastic.com\\\/product\\\/gear-oil-vn01\\\/\",\"name\":\"Gear Oil-VN01 - Van Nga Packaging\",\"isPartOf\":{\"@id\":\"https:\\\/\\\/vanngaplastic.com\\\/#website\"},\"primaryImageOfPage\":{\"@id\":\"https:\\\/\\\/vanngaplastic.com\\\/product\\\/gear-oil-vn01\\\/#primaryimage\"},\"image\":{\"@id\":\"https:\\\/\\\/vanngaplastic.com\\\/product\\\/gear-oil-vn01\\\/#primaryimage\"},\"thumbnailUrl\":\"https:\\\/\\\/i0.wp.com\\\/vanngaplastic.com\\\/wp-content\\\/uploads\\\/2022\\\/10\\\/IMG_4625-e1666080662254.png?fit=2000%2C2000&ssl=1\",\"datePublished\":\"2021-10-29T03:43:34+00:00\",\"dateModified\":\"2024-01-29T03:28:37+00:00\",\"breadcrumb\":{\"@id\":\"https:\\\/\\\/vanngaplastic.com\\\/product\\\/gear-oil-vn01\\\/#breadcrumb\"},\"inLanguage\":\"vi\",\"potentialAction\":[{\"@type\":\"ReadAction\",\"target\":[\"https:\\\/\\\/vanngaplastic.com\\\/product\\\/gear-oil-vn01\\\/\"]}]},{\"@type\":\"ImageObject\",\"inLanguage\":\"vi\",\"@id\":\"https:\\\/\\\/vanngaplastic.com\\\/product\\\/gear-oil-vn01\\\/#primaryimage\",\"url\":\"https:\\\/\\\/i0.wp.com\\\/vanngaplastic.com\\\/wp-content\\\/uploads\\\/2022\\\/10\\\/IMG_4625-e1666080662254.png?fit=2000%2C2000&ssl=1\",\"contentUrl\":\"https:\\\/\\\/i0.wp.com\\\/vanngaplastic.com\\\/wp-content\\\/uploads\\\/2022\\\/10\\\/IMG_4625-e1666080662254.png?fit=2000%2C2000&ssl=1\",\"width\":2000,\"height\":2000},{\"@type\":\"BreadcrumbList\",\"@id\":\"https:\\\/\\\/vanngaplastic.com\\\/product\\\/gear-oil-vn01\\\/#breadcrumb\",\"itemListElement\":[{\"@type\":\"ListItem\",\"position\":1,\"name\":\"Home\",\"item\":\"https:\\\/\\\/vanngaplastic.com\\\/\"},{\"@type\":\"ListItem\",\"position\":2,\"name\":\"Products\",\"item\":\"https:\\\/\\\/vanngaplastic.com\\\/shop\\\/\"},{\"@type\":\"ListItem\",\"position\":3,\"name\":\"Gear Oil-VN01\"}]},{\"@type\":\"WebSite\",\"@id\":\"https:\\\/\\\/vanngaplastic.com\\\/#website\",\"url\":\"https:\\\/\\\/vanngaplastic.com\\\/\",\"name\":\"Van Nga Packaging\",\"description\":\"\",\"publisher\":{\"@id\":\"https:\\\/\\\/vanngaplastic.com\\\/#organization\"},\"potentialAction\":[{\"@type\":\"SearchAction\",\"target\":{\"@type\":\"EntryPoint\",\"urlTemplate\":\"https:\\\/\\\/vanngaplastic.com\\\/?s={search_term_string}\"},\"query-input\":{\"@type\":\"PropertyValueSpecification\",\"valueRequired\":true,\"valueName\":\"search_term_string\"}}],\"inLanguage\":\"vi\"},{\"@type\":\"Organization\",\"@id\":\"https:\\\/\\\/vanngaplastic.com\\\/#organization\",\"name\":\"Cong Ty Van Nga\",\"url\":\"https:\\\/\\\/vanngaplastic.com\\\/\",\"logo\":{\"@type\":\"ImageObject\",\"inLanguage\":\"vi\",\"@id\":\"https:\\\/\\\/vanngaplastic.com\\\/#\\\/schema\\\/logo\\\/image\\\/\",\"url\":\"\",\"contentUrl\":\"\",\"caption\":\"Cong Ty Van Nga\"},\"image\":{\"@id\":\"https:\\\/\\\/vanngaplastic.com\\\/#\\\/schema\\\/logo\\\/image\\\/\"},\"sameAs\":[\"https:\\\/\\\/www.facebook.com\\\/Cong-Ty-Van-Nga-108380597442907\\\/?modal=admin_todo_tour\"]}]}<\/script>\n<!-- \/ Yoast SEO plugin. -->","yoast_head_json":{"title":"Gear Oil-VN01 - Van Nga Packaging","robots":{"index":"index","follow":"follow","max-snippet":"max-snippet:-1","max-image-preview":"max-image-preview:large","max-video-preview":"max-video-preview:-1"},"canonical":"https:\/\/vanngaplastic.com\/vn\/product\/gear-oil-vn01\/","og_locale":"vi_VN","og_type":"article","og_title":"Gear Oil-VN01 - Van Nga Packaging","og_description":"Diameter:\u00a040mm  Tube dimension (mm):\u00a0\u00a040*120 \u2013 40*145  Tube Thickness (\u03bcm): 480 +\/ -50  Volume capacity: 50ml \u2013 150ml  Material:\u00a0PE  Layers:\u00a01 \u2013 5  Cap diameter:\u00a037.40mm  Capping: Nozzle Tip  MOQ:\u00a010000","og_url":"https:\/\/vanngaplastic.com\/vn\/product\/gear-oil-vn01\/","og_site_name":"Van Nga Packaging","article_publisher":"https:\/\/www.facebook.com\/Cong-Ty-Van-Nga-108380597442907\/?modal=admin_todo_tour","article_modified_time":"2024-01-29T03:28:37+00:00","og_image":[{"width":2000,"height":2000,"url":"https:\/\/i0.wp.com\/vanngaplastic.com\/wp-content\/uploads\/2022\/10\/IMG_4625-e1666080662254.png?fit=2000%2C2000&ssl=1","type":"image\/png"}],"twitter_card":"summary_large_image","twitter_misc":{"\u01af\u1edbc t\u00ednh th\u1eddi gian \u0111\u1ecdc":"1 ph\u00fat"},"schema":{"@context":"https:\/\/schema.org","@graph":[{"@type":"WebPage","@id":"https:\/\/vanngaplastic.com\/product\/gear-oil-vn01\/","url":"https:\/\/vanngaplastic.com\/product\/gear-oil-vn01\/","name":"Gear Oil-VN01 - Van Nga Packaging","isPartOf":{"@id":"https:\/\/vanngaplastic.com\/#website"},"primaryImageOfPage":{"@id":"https:\/\/vanngaplastic.com\/product\/gear-oil-vn01\/#primaryimage"},"image":{"@id":"https:\/\/vanngaplastic.com\/product\/gear-oil-vn01\/#primaryimage"},"thumbnailUrl":"https:\/\/i0.wp.com\/vanngaplastic.com\/wp-content\/uploads\/2022\/10\/IMG_4625-e1666080662254.png?fit=2000%2C2000&ssl=1","datePublished":"2021-10-29T03:43:34+00:00","dateModified":"2024-01-29T03:28:37+00:00","breadcrumb":{"@id":"https:\/\/vanngaplastic.com\/product\/gear-oil-vn01\/#breadcrumb"},"inLanguage":"vi","potentialAction":[{"@type":"ReadAction","target":["https:\/\/vanngaplastic.com\/product\/gear-oil-vn01\/"]}]},{"@type":"ImageObject","inLanguage":"vi","@id":"https:\/\/vanngaplastic.com\/product\/gear-oil-vn01\/#primaryimage","url":"https:\/\/i0.wp.com\/vanngaplastic.com\/wp-content\/uploads\/2022\/10\/IMG_4625-e1666080662254.png?fit=2000%2C2000&ssl=1","contentUrl":"https:\/\/i0.wp.com\/vanngaplastic.com\/wp-content\/uploads\/2022\/10\/IMG_4625-e1666080662254.png?fit=2000%2C2000&ssl=1","width":2000,"height":2000},{"@type":"BreadcrumbList","@id":"https:\/\/vanngaplastic.com\/product\/gear-oil-vn01\/#breadcrumb","itemListElement":[{"@type":"ListItem","position":1,"name":"Home","item":"https:\/\/vanngaplastic.com\/"},{"@type":"ListItem","position":2,"name":"Products","item":"https:\/\/vanngaplastic.com\/shop\/"},{"@type":"ListItem","position":3,"name":"Gear Oil-VN01"}]},{"@type":"WebSite","@id":"https:\/\/vanngaplastic.com\/#website","url":"https:\/\/vanngaplastic.com\/","name":"Van Nga Packaging","description":"","publisher":{"@id":"https:\/\/vanngaplastic.com\/#organization"},"potentialAction":[{"@type":"SearchAction","target":{"@type":"EntryPoint","urlTemplate":"https:\/\/vanngaplastic.com\/?s={search_term_string}"},"query-input":{"@type":"PropertyValueSpecification","valueRequired":true,"valueName":"search_term_string"}}],"inLanguage":"vi"},{"@type":"Organization","@id":"https:\/\/vanngaplastic.com\/#organization","name":"Cong Ty Van Nga","url":"https:\/\/vanngaplastic.com\/","logo":{"@type":"ImageObject","inLanguage":"vi","@id":"https:\/\/vanngaplastic.com\/#\/schema\/logo\/image\/","url":"","contentUrl":"","caption":"Cong Ty Van Nga"},"image":{"@id":"https:\/\/vanngaplastic.com\/#\/schema\/logo\/image\/"},"sameAs":["https:\/\/www.facebook.com\/Cong-Ty-Van-Nga-108380597442907\/?modal=admin_todo_tour"]}]}},"jetpack_likes_enabled":true,"jetpack_sharing_enabled":true,"amp_enabled":true,"_links":{"self":[{"href":"https:\/\/vanngaplastic.com\/vn\/wp-json\/wp\/v2\/product\/9177","targetHints":{"allow":["GET"]}}],"collection":[{"href":"https:\/\/vanngaplastic.com\/vn\/wp-json\/wp\/v2\/product"}],"about":[{"href":"https:\/\/vanngaplastic.com\/vn\/wp-json\/wp\/v2\/types\/product"}],"wp:featuredmedia":[{"embeddable":true,"href":"https:\/\/vanngaplastic.com\/vn\/wp-json\/wp\/v2\/media\/11482"}],"wp:attachment":[{"href":"https:\/\/vanngaplastic.com\/vn\/wp-json\/wp\/v2\/media?parent=9177"}],"wp:term":[{"taxonomy":"product_brand","embeddable":true,"href":"https:\/\/vanngaplastic.com\/vn\/wp-json\/wp\/v2\/product_brand?post=9177"},{"taxonomy":"product_cat","embeddable":true,"href":"https:\/\/vanngaplastic.com\/vn\/wp-json\/wp\/v2\/product_cat?post=9177"},{"taxonomy":"product_tag","embeddable":true,"href":"https:\/\/vanngaplastic.com\/vn\/wp-json\/wp\/v2\/product_tag?post=9177"},{"taxonomy":"cap-style","embeddable":true,"href":"https:\/\/vanngaplastic.com\/vn\/wp-json\/wp\/v2\/cap-style?post=9177"},{"taxonomy":"pe-tube","embeddable":true,"href":"https:\/\/vanngaplastic.com\/vn\/wp-json\/wp\/v2\/pe-tube?post=9177"}],"curies":[{"name":"wp","href":"https:\/\/api.w.org\/{rel}","templated":true}]}}